{"id":5,"date":"2023-03-14T08:05:18","date_gmt":"2023-03-14T08:05:18","guid":{"rendered":"https:\/\/caudete.ebone.es\/?page_id=5"},"modified":"2024-12-10T03:15:52","modified_gmt":"2024-12-10T03:15:52","slug":"formulario-de-satisfaccion","status":"publish","type":"page","link":"https:\/\/caudete.ebone.es\/","title":{"rendered":"Formulario de Satisfacci\u00f3n"},"content":{"rendered":"\t\t<div data-elementor-type=\"wp-post\" data-elementor-id=\"5\" class=\"elementor elementor-5\" data-elementor-post-type=\"page\">\n\t\t\t\t<div class=\"elementor-element elementor-element-7f0b4f7 e-flex e-con-boxed e-con e-parent\" data-id=\"7f0b4f7\" data-element_type=\"container\" data-e-type=\"container\">\n\t\t\t\t\t<div class=\"e-con-inner\">\n\t\t<div class=\"elementor-element elementor-element-9dbe86f e-con-full e-flex e-con e-child\" data-id=\"9dbe86f\" data-element_type=\"container\" data-e-type=\"container\">\n\t\t\t\t<div class=\"elementor-element elementor-element-a6cf828 elementor-widget elementor-widget-heading\" data-id=\"a6cf828\" data-element_type=\"widget\" data-e-type=\"widget\" data-widget_type=\"heading.default\">\n\t\t\t\t<div class=\"elementor-widget-container\">\n\t\t\t\t\t<h2 class=\"elementor-heading-title elementor-size-default\">\u00bfCu\u00e1l es tu grado de satisfacci\u00f3n con los cursos esta nueva temporada?<\/h2>\t\t\t\t<\/div>\n\t\t\t\t<\/div>\n\t\t\t\t<div class=\"elementor-element elementor-element-0e6a806 elementor-widget elementor-widget-pafe-form-builder-field\" data-id=\"0e6a806\" data-element_type=\"widget\" data-e-type=\"widget\" data-widget_type=\"pafe-form-builder-field.default\">\n\t\t\t\t<div class=\"elementor-widget-container\">\n\t\t\t\t\t\t\t\r\n\t\t<div class=\"elementor-form-fields-wrapper elementor-labels-above pafe-form-builder-field\">\r\n\t\t\t<div class=\"elementor-field-type-image_select elementor-field-group elementor-column elementor-field-group-Seleccion elementor-col-100\">\r\n\t\t\t\t<div class=\"pafe-field-container\"><div data-pafe-image_select_min_select_check><\/div><div data-pafe-form-builder-required class='piotnet-image-select-required'><\/div>\t\t<div class=\"elementor-field elementor-select-wrapper  \">\r\n\t\t\t<select name=\"form_fields[Seleccion]\" id=\"form-field-Seleccion\" class=\"elementor-field-textual elementor-size-\" data-pafe-field-type=\"select\" data-pafe-form-builder-image-select=\"[{&quot;id&quot;:169,&quot;url&quot;:&quot;https:\\\/\\\/caudete.ebone.es\\\/wp-content\\\/uploads\\\/2024\\\/03\\\/Muy-Satisfecho.png&quot;},{&quot;id&quot;:171,&quot;url&quot;:&quot;https:\\\/\\\/caudete.ebone.es\\\/wp-content\\\/uploads\\\/2024\\\/03\\\/Satisfecho.png&quot;},{&quot;id&quot;:170,&quot;url&quot;:&quot;https:\\\/\\\/caudete.ebone.es\\\/wp-content\\\/uploads\\\/2024\\\/03\\\/Insatisfecho.png&quot;}]\" data-pafe-form-builder-form-id=\"cursos_temporada\" data-pafe-form-builder-default-value=\"Muy Satisfecho\" data-options='[&quot;Muy Satisfecha\\\/o&quot;,&quot;Satisfecha\\\/o&quot;,&quot;Insatisfecha\\\/o&quot;]'  >\r\n\t\t\t\t<option value=\"Muy Satisfecha\/o\">Muy Satisfecha\/o<\/option><option value=\"Satisfecha\/o\">Satisfecha\/o<\/option><option value=\"Insatisfecha\/o\">Insatisfecha\/o<\/option>\t\t\t<\/select>\r\n\t\t<\/div>\r\n\t\t<\/div>\t\t\t<\/div>\r\n\t\t<\/div>\r\n\t\t\t\t\t<\/div>\n\t\t\t\t<\/div>\n\t\t\t\t<div class=\"elementor-element elementor-element-716fc9b elementor-align-justify elementor-widget elementor-widget-pafe-form-builder-submit\" data-id=\"716fc9b\" data-element_type=\"widget\" data-e-type=\"widget\" data-widget_type=\"pafe-form-builder-submit.default\">\n\t\t\t\t<div class=\"elementor-widget-container\">\n\t\t\t\t\t\t\t<input type=\"hidden\" name=\"post_id\" value=\"5\" data-pafe-form-builder-hidden-form-id=\"cursos_temporada\"\/>\r\n\t\t<input type=\"hidden\" name=\"form_id\" value=\"716fc9b\" data-pafe-form-builder-hidden-form-id=\"cursos_temporada\"\/>\r\n\t\t<input type=\"hidden\" name=\"remote_ip\" value=\"216.73.217.78\" data-pafe-form-builder-hidden-form-id=\"cursos_temporada\"\/>\r\n\r\n\t\t\t\t\t<input type=\"hidden\" name=\"redirect\" value=\"https:\/\/caudete.ebone.es\/\" data-pafe-form-builder-hidden-form-id=\"cursos_temporada\" data-pafe-form-builder-open-new-tab=\"\"\/>\r\n\t\t\r\n\t\t\r\n\t\t\r\n\t\t\r\n\t\t<div class=\"elementor-button-wrapper\">\r\n\t\t\t<button class=\"elementor-button pafe-form-builder-button elementor-size-sm\" data-pafe-submit-keyboard=\"false\" data-pafe-submit-hide=\"false\" role=\"button\" data-pafe-form-builder-required-text=\"Este campo es obligatorio.\" data-pafe-form-builder-submit-form-id=\"cursos_temporada\" data-pafe-razor-payment=\"no\" data-pafe-razor-sub=\"no\">\r\n\t\t\t\t\t\t<span class=\"elementor-button-content-wrapper\">\r\n\t\t\t<span class=\"elementor-button-text elementor-form-spinner\"><i class=\"fa fa-spinner fa-spin\"><\/i><\/span>\r\n\t\t\t\t\t\t<span class=\"elementor-button-text\">Enviar<\/span>\r\n\t\t<\/span>\r\n\t\t\t\t\t<\/button>\r\n\t\t<\/div>\r\n\r\n\t\t\r\n\t\t                \t\t\t\t\t\t\r\n        \r\n        \t\t<div id=\"pafe-form-builder-trigger-success-cursos_temporada\" data-pafe-form-builder-trigger-success=\"cursos_temporada\" data-disable-clean-form=\"no\" style=\"display: none\"><\/div>\r\n\t\t<div id=\"pafe-form-builder-trigger-failed-cursos_temporada\" data-pafe-form-builder-trigger-failed=\"cursos_temporada\" style=\"display: none\"><\/div>\r\n\t\t<div class=\"pafe-form-builder-alert pafe-form-builder-alert--mail\">\r\n\t\t\t<div class=\"elementor-message elementor-message-success\" role=\"alert\" data-pafe-form-builder-message=\"Tu respuesta se ha enviado con \u00e9xito.\">Tu respuesta se ha enviado con \u00e9xito.<\/div>\r\n\t\t\t<div class=\"elementor-message elementor-message-danger\" role=\"alert\" data-pafe-form-builder-message=\"Ha ocurrido un error. Vuelve a intentarlo m\u00e1s tarde.\">Ha ocurrido un error. Vuelve a intentarlo m\u00e1s tarde.<\/div>\r\n\t\t\t<!-- <div class=\"elementor-message elementor-help-inline\" role=\"alert\">Server error. Form not sent.<\/div> -->\r\n\t\t<\/div>\r\n\t\t\t\t\t\t\t\t<\/div>\n\t\t\t\t<\/div>\n\t\t\t\t<\/div>\n\t\t\t\t\t<\/div>\n\t\t\t\t<\/div>\n\t\t\t\t<\/div>\n\t\t","protected":false},"excerpt":{"rendered":"<p>\u00bfCu\u00e1l es tu grado de satisfacci\u00f3n con los cursos esta nueva temporada? Enviar Tu respuesta se ha enviado con \u00e9xito. Ha ocurrido un error. Vuelve a intentarlo m\u00e1s tarde.<\/p>\n","protected":false},"author":1,"featured_media":0,"parent":0,"menu_order":0,"comment_status":"closed","ping_status":"closed","template":"elementor_canvas","meta":{"footnotes":""},"class_list":["post-5","page","type-page","status-publish","hentry"],"_links":{"self":[{"href":"https:\/\/caudete.ebone.es\/index.php?rest_route=\/wp\/v2\/pages\/5","targetHints":{"allow":["GET"]}}],"collection":[{"href":"https:\/\/caudete.ebone.es\/index.php?rest_route=\/wp\/v2\/pages"}],"about":[{"href":"https:\/\/caudete.ebone.es\/index.php?rest_route=\/wp\/v2\/types\/page"}],"author":[{"embeddable":true,"href":"https:\/\/caudete.ebone.es\/index.php?rest_route=\/wp\/v2\/users\/1"}],"replies":[{"embeddable":true,"href":"https:\/\/caudete.ebone.es\/index.php?rest_route=%2Fwp%2Fv2%2Fcomments&post=5"}],"version-history":[{"count":114,"href":"https:\/\/caudete.ebone.es\/index.php?rest_route=\/wp\/v2\/pages\/5\/revisions"}],"predecessor-version":[{"id":1191,"href":"https:\/\/caudete.ebone.es\/index.php?rest_route=\/wp\/v2\/pages\/5\/revisions\/1191"}],"wp:attachment":[{"href":"https:\/\/caudete.ebone.es\/index.php?rest_route=%2Fwp%2Fv2%2Fmedia&parent=5"}],"curies":[{"name":"wp","href":"https:\/\/api.w.org\/{rel}","templated":true}]}}